{"id":738,"date":"2026-05-04T12:50:29","date_gmt":"2026-05-04T10:50:29","guid":{"rendered":"https:\/\/sablon-webshop.officelink.io\/?page_id=738"},"modified":"2026-05-04T12:51:10","modified_gmt":"2026-05-04T10:51:10","slug":"impresszum","status":"publish","type":"page","link":"https:\/\/sablon-webshop.officelink.io\/de\/impresszum\/","title":{"rendered":"Impressum"},"content":{"rendered":"<div data-elementor-type=\"wp-page\" data-elementor-id=\"738\" class=\"elementor elementor-738\" data-elementor-post-type=\"page\">\n\t\t\t\t<div class=\"elementor-element elementor-element-7e05031d e-flex e-con-boxed e-con e-parent\" data-id=\"7e05031d\" data-element_type=\"container\" data-e-type=\"container\">\n\t\t\t\t\t<div class=\"e-con-inner\">\n\t\t\t\t<div class=\"elementor-element elementor-element-6552667d elementor-widget elementor-widget-heading\" data-id=\"6552667d\" data-element_type=\"widget\" data-e-type=\"widget\" data-widget_type=\"heading.default\">\n\t\t\t\t\t<h1 class=\"elementor-heading-title elementor-size-default\">IMPRESSUM<\/h1>\t\t\t\t<\/div>\n\t\t\t\t<div class=\"elementor-element elementor-element-3cb9ad2e elementor-widget elementor-widget-text-editor\" data-id=\"3cb9ad2e\" data-element_type=\"widget\" data-e-type=\"widget\" data-widget_type=\"text-editor.default\">\n\t\t\t\t\t\t\t\t\t<p style='font-size:15px;line-height:1.8;color:#444444;margin-bottom:12px;'><strong>Angaben zum Dienstanbieter (Betreiber):<\/strong><\/p>\t\t\t\t\t\t\t\t<\/div>\n\t\t\t\t<div class=\"elementor-element elementor-element-3970159a elementor-widget elementor-widget-text-editor\" data-id=\"3970159a\" data-element_type=\"widget\" data-e-type=\"widget\" data-widget_type=\"text-editor.default\">\n\t\t\t\t\t\t\t\t\t<p style='font-size:15px;line-height:1.8;color:#444444;margin-bottom:12px;'>Name: {{COMPANY_NAME}}<\/p>\t\t\t\t\t\t\t\t<\/div>\n\t\t\t\t<div class=\"elementor-element elementor-element-2c40081 elementor-widget elementor-widget-text-editor\" data-id=\"2c40081\" data-element_type=\"widget\" data-e-type=\"widget\" data-widget_type=\"text-editor.default\">\n\t\t\t\t\t\t\t\t\t<p style='font-size:15px;line-height:1.8;color:#444444;margin-bottom:12px;'>Hauptsitz: {{CEG_CIM}}<\/p>\t\t\t\t\t\t\t\t<\/div>\n\t\t\t\t<div class=\"elementor-element elementor-element-77f80516 elementor-widget elementor-widget-text-editor\" data-id=\"77f80516\" data-element_type=\"widget\" data-e-type=\"widget\" data-widget_type=\"text-editor.default\">\n\t\t\t\t\t\t\t\t\t<p style='font-size:15px;line-height:1.8;color:#444444;margin-bottom:12px;'>Postanschrift: {{CEG_CIM}}<\/p>\t\t\t\t\t\t\t\t<\/div>\n\t\t\t\t<div class=\"elementor-element elementor-element-389986b2 elementor-widget elementor-widget-text-editor\" data-id=\"389986b2\" data-element_type=\"widget\" data-e-type=\"widget\" data-widget_type=\"text-editor.default\">\n\t\t\t\t\t\t\t\t\t<p style='font-size:15px;line-height:1.8;color:#444444;margin-bottom:12px;'>Steuernummer: {{CEG_ADOSZAM}}<\/p>\t\t\t\t\t\t\t\t<\/div>\n\t\t\t\t<div class=\"elementor-element elementor-element-6bf830 elementor-widget elementor-widget-text-editor\" data-id=\"6bf830\" data-element_type=\"widget\" data-e-type=\"widget\" data-widget_type=\"text-editor.default\">\n\t\t\t\t\t\t\t\t\t<p style='font-size:15px;line-height:1.8;color:#444444;margin-bottom:12px;'>Firmenregistrierungsnummer: {{CEG_CEGCHEGYZEK}} oder <\/p>\t\t\t\t\t\t\t\t<\/div>\n\t\t\t\t<div class=\"elementor-element elementor-element-49f7b4ef elementor-widget elementor-widget-text-editor\" data-id=\"49f7b4ef\" data-element_type=\"widget\" data-e-type=\"widget\" data-widget_type=\"text-editor.default\">\n\t\t\t\t\t\t\t\t\t<p style='font-size:15px;line-height:1.8;color:#444444;margin-bottom:12px;'>Zulassungsnummer f\u00fcr Elektrofahrzeuge: 00000000<\/p>\t\t\t\t\t\t\t\t<\/div>\n\t\t\t\t<div class=\"elementor-element elementor-element-2d8f6a7a elementor-widget elementor-widget-text-editor\" data-id=\"2d8f6a7a\" data-element_type=\"widget\" data-e-type=\"widget\" data-widget_type=\"text-editor.default\">\n\t\t\t\t\t\t\t\t\t<p style='font-size:15px;line-height:1.8;color:#444444;margin-bottom:12px;'>Name der Registrierungsbeh\u00f6rde: \u2026\u2026.. Im Falle eines Handelsgerichts oder eines Handelsregisters: Innenministerium<\/p>\t\t\t\t\t\t\t\t<\/div>\n\t\t\t\t<div class=\"elementor-element elementor-element-72b3dc21 elementor-widget elementor-widget-text-editor\" data-id=\"72b3dc21\" data-element_type=\"widget\" data-e-type=\"widget\" data-widget_type=\"text-editor.default\">\n\t\t\t\t\t\t\t\t\t<p style='font-size:15px;line-height:1.8;color:#444444;margin-bottom:12px;'>Bankkontonummer: 00000000-00000000-00000000<\/p>\t\t\t\t\t\t\t\t<\/div>\n\t\t\t\t<div class=\"elementor-element elementor-element-6c4453a0 elementor-widget elementor-widget-text-editor\" data-id=\"6c4453a0\" data-element_type=\"widget\" data-e-type=\"widget\" data-widget_type=\"text-editor.default\">\n\t\t\t\t\t\t\t\t\t<p style='font-size:15px;line-height:1.8;color:#444444;margin-bottom:12px;'>Name des Vertreters: XY<\/p>\t\t\t\t\t\t\t\t<\/div>\n\t\t\t\t<div class=\"elementor-element elementor-element-35b2b4fc elementor-widget elementor-widget-text-editor\" data-id=\"35b2b4fc\" data-element_type=\"widget\" data-e-type=\"widget\" data-widget_type=\"text-editor.default\">\n\t\t\t\t\t\t\t\t\t<p style='font-size:15px;line-height:1.8;color:#444444;margin-bottom:12px;'>Website-Adresse: {{DOMAIN}}<\/p>\t\t\t\t\t\t\t\t<\/div>\n\t\t\t\t<div class=\"elementor-element elementor-element-1f38ea9 elementor-widget elementor-widget-text-editor\" data-id=\"1f38ea9\" data-element_type=\"widget\" data-e-type=\"widget\" data-widget_type=\"text-editor.default\">\n\t\t\t\t\t\t\t\t\t<p style='font-size:15px;line-height:1.8;color:#444444;margin-bottom:12px;'>E-Mail-Adresse: {{ADMIN_EMAIL}}<\/p>\t\t\t\t\t\t\t\t<\/div>\n\t\t\t\t<div class=\"elementor-element elementor-element-5619efeb elementor-widget elementor-widget-text-editor\" data-id=\"5619efeb\" data-element_type=\"widget\" data-e-type=\"widget\" data-widget_type=\"text-editor.default\">\n\t\t\t\t\t\t\t\t\t<p style='font-size:15px;line-height:1.8;color:#444444;margin-bottom:12px;'>Telefonnummer: +36 00 000 0000<\/p>\t\t\t\t\t\t\t\t<\/div>\n\t\t\t\t<div class=\"elementor-element elementor-element-25b982bb elementor-widget elementor-widget-text-editor\" data-id=\"25b982bb\" data-element_type=\"widget\" data-e-type=\"widget\" data-widget_type=\"text-editor.default\">\n\t\t\t\t\t\t\t\t\t<p style='font-size:15px;line-height:1.8;color:#444444;margin-bottom:12px;'><strong>T<\/strong><strong>Marktplatzanbieter<\/strong><strong>:<\/strong><\/p>\t\t\t\t\t\t\t\t<\/div>\n\t\t\t\t<div class=\"elementor-element elementor-element-62d084f2 elementor-widget elementor-widget-text-editor\" data-id=\"62d084f2\" data-element_type=\"widget\" data-e-type=\"widget\" data-widget_type=\"text-editor.default\">\n\t\t\t\t\t\t\t\t\t<p style='font-size:15px;line-height:1.8;color:#444444;margin-bottom:12px;'>Name: DR\u00c1VANET Internet Service Provider Private Limited Company<\/p>\t\t\t\t\t\t\t\t<\/div>\n\t\t\t\t<div class=\"elementor-element elementor-element-3e348d03 elementor-widget elementor-widget-text-editor\" data-id=\"3e348d03\" data-element_type=\"widget\" data-e-type=\"widget\" data-widget_type=\"text-editor.default\">\n\t\t\t\t\t\t\t\t\t<p style='font-size:15px;line-height:1.8;color:#444444;margin-bottom:12px;'>Sitz: 7624 P\u00e9cs, Budai Nagy Antal Stra\u00dfe 1.<\/p>\t\t\t\t\t\t\t\t<\/div>\n\t\t\t\t<div class=\"elementor-element elementor-element-3f40612a elementor-widget elementor-widget-text-editor\" data-id=\"3f40612a\" data-element_type=\"widget\" data-e-type=\"widget\" data-widget_type=\"text-editor.default\">\n\t\t\t\t\t\t\t\t\t<p style='font-size:15px;line-height:1.8;color:#444444;margin-bottom:12px;'>E-Mail: info@dravanet.hu<\/p>\t\t\t\t\t\t\t\t<\/div>\n\t\t\t\t<div class=\"elementor-element elementor-element-66b8f24f elementor-widget elementor-widget-text-editor\" data-id=\"66b8f24f\" data-element_type=\"widget\" data-e-type=\"widget\" data-widget_type=\"text-editor.default\">\n\t\t\t\t\t\t\t\t\t<p style='font-size:15px;line-height:1.8;color:#444444;margin-bottom:12px;'>Telefonnummer: 06-80-811-118<\/p>\t\t\t\t\t\t\t\t<\/div>\n\t\t\t\t<div class=\"elementor-element elementor-element-32b74443 elementor-widget elementor-widget-text-editor\" data-id=\"32b74443\" data-element_type=\"widget\" data-e-type=\"widget\" data-widget_type=\"text-editor.default\">\n\t\t\t\t\t\t\t\t\t<p style='font-size:15px;line-height:1.8;color:#444444;margin-bottom:12px;'>Webseite: <\/p>\t\t\t\t\t\t\t\t<\/div>\n\t\t\t\t\t<\/div>\n\t\t\t\t<\/div>\n\t\t\t\t<\/div>","protected":false},"excerpt":{"rendered":"<p>IMPRESSZUM A szolg\u00e1ltat\u00f3 (\u00fczemeltet\u0151) adatai: N\u00e9v:\u00a0{{CEG_NEV}} Sz\u00e9khely:\u00a0{{CEG_CIM}} Levelez\u00e9si c\u00edm:\u00a0{{CEG_CIM}} Ad\u00f3sz\u00e1m:\u00a0{{CEG_ADOSZAM}} C\u00e9gjegyz\u00e9ksz\u00e1m:\u00a0{{CEG_CEGJEGYZEK}} vagy EV nyilv\u00e1ntart\u00e1si sz\u00e1m: 00000000 Nyilv\u00e1ntart\u00e1sba vev\u0151 hat\u00f3s\u00e1g neve:\u00a0&#8230;&#8230;.. C\u00e9gb\u00edr\u00f3s\u00e1g vagy EV eset\u00e9n: Bel\u00fcgyminiszt\u00e9rium Banksz\u00e1mlasz\u00e1m: 00000000-00000000-00000000 K\u00e9pvisel\u0151 neve:\u00a0XY Honlap c\u00edme: {{DOMAIN}} E-mail c\u00edm: {{ADMIN_EMAIL}} Telefonsz\u00e1m: +36 00\u00a0000 0000 T\u00e1rhelyszolg\u00e1ltat\u00f3: N\u00e9v: DR\u00c1VANET Internet szolg\u00e1ltat\u00f3 Z\u00e1rtk\u00f6r\u0171en M\u0171k\u00f6d\u0151 R\u00e9szv\u00e9nyt\u00e1rsas\u00e1g Sz\u00e9khely: 7624 P\u00e9cs, Budai Nagy Antal utca 1. [&hellip;]<\/p>\n","protected":false},"author":1,"featured_media":0,"parent":0,"menu_order":0,"comment_status":"closed","ping_status":"closed","template":"elementor_header_footer","meta":{"footnotes":""},"class_list":["post-738","page","type-page","status-publish","hentry"],"yoast_head":"<!-- This site is optimized with the Yoast SEO Premium plugin v27.5 (Yoast SEO v27.5) - https:\/\/yoast.com\/product\/yoast-seo-premium-wordpress\/ -->\n<title>Impresszum - sablon-webshop.officelink.io<\/title>\n<meta name=\"robots\" content=\"index, follow, max-snippet:-1, max-image-preview:large, max-video-preview:-1\" \/>\n<link rel=\"canonical\" href=\"https:\/\/sablon-webshop.officelink.io\/de\/impresszum\/\" \/>\n<meta property=\"og:locale\" content=\"de_DE\" \/>\n<meta property=\"og:type\" content=\"article\" \/>\n<meta property=\"og:title\" content=\"Impresszum\" \/>\n<meta property=\"og:description\" content=\"IMPRESSZUM A szolg\u00e1ltat\u00f3 (\u00fczemeltet\u0151) adatai: N\u00e9v:\u00a0{{CEG_NEV}} Sz\u00e9khely:\u00a0{{CEG_CIM}} Levelez\u00e9si c\u00edm:\u00a0{{CEG_CIM}} Ad\u00f3sz\u00e1m:\u00a0{{CEG_ADOSZAM}} C\u00e9gjegyz\u00e9ksz\u00e1m:\u00a0{{CEG_CEGJEGYZEK}} vagy EV nyilv\u00e1ntart\u00e1si sz\u00e1m: 00000000 Nyilv\u00e1ntart\u00e1sba vev\u0151 hat\u00f3s\u00e1g neve:\u00a0&#8230;&#8230;.. C\u00e9gb\u00edr\u00f3s\u00e1g vagy EV eset\u00e9n: Bel\u00fcgyminiszt\u00e9rium Banksz\u00e1mlasz\u00e1m: 00000000-00000000-00000000 K\u00e9pvisel\u0151 neve:\u00a0XY Honlap c\u00edme: {{DOMAIN}} E-mail c\u00edm: {{ADMIN_EMAIL}} Telefonsz\u00e1m: +36 00\u00a0000 0000 T\u00e1rhelyszolg\u00e1ltat\u00f3: N\u00e9v: DR\u00c1VANET Internet szolg\u00e1ltat\u00f3 Z\u00e1rtk\u00f6r\u0171en M\u0171k\u00f6d\u0151 R\u00e9szv\u00e9nyt\u00e1rsas\u00e1g Sz\u00e9khely: 7624 P\u00e9cs, Budai Nagy Antal utca 1. [&hellip;]\" \/>\n<meta property=\"og:url\" content=\"https:\/\/sablon-webshop.officelink.io\/de\/impresszum\/\" \/>\n<meta property=\"og:site_name\" content=\"sablon-webshop.officelink.io\" \/>\n<meta property=\"article:modified_time\" content=\"2026-05-04T10:51:10+00:00\" \/>\n<meta name=\"twitter:card\" content=\"summary_large_image\" \/>\n<meta name=\"twitter:label1\" content=\"Gesch\u00e4tzte Lesezeit\" \/>\n\t<meta name=\"twitter:data1\" content=\"1\u00a0Minute\" \/>\n<script type=\"application\/ld+json\" class=\"yoast-schema-graph\">{\"@context\":\"https:\\\/\\\/schema.org\",\"@graph\":[{\"@type\":\"WebPage\",\"@id\":\"https:\\\/\\\/sablon-webshop.officelink.io\\\/impresszum\\\/\",\"url\":\"https:\\\/\\\/sablon-webshop.officelink.io\\\/impresszum\\\/\",\"name\":\"Impresszum - sablon-webshop.officelink.io\",\"isPartOf\":{\"@id\":\"https:\\\/\\\/sablon-webshop.officelink.io\\\/#website\"},\"datePublished\":\"2026-05-04T10:50:29+00:00\",\"dateModified\":\"2026-05-04T10:51:10+00:00\",\"breadcrumb\":{\"@id\":\"https:\\\/\\\/sablon-webshop.officelink.io\\\/impresszum\\\/#breadcrumb\"},\"inLanguage\":\"de\",\"potentialAction\":[{\"@type\":\"ReadAction\",\"target\":[\"https:\\\/\\\/sablon-webshop.officelink.io\\\/impresszum\\\/\"]}]},{\"@type\":\"BreadcrumbList\",\"@id\":\"https:\\\/\\\/sablon-webshop.officelink.io\\\/impresszum\\\/#breadcrumb\",\"itemListElement\":[{\"@type\":\"ListItem\",\"position\":1,\"name\":\"Kezd\u0151lap\",\"item\":\"https:\\\/\\\/sablon-webshop.officelink.io\\\/\"},{\"@type\":\"ListItem\",\"position\":2,\"name\":\"Impresszum\"}]},{\"@type\":\"WebSite\",\"@id\":\"https:\\\/\\\/sablon-webshop.officelink.io\\\/#website\",\"url\":\"https:\\\/\\\/sablon-webshop.officelink.io\\\/\",\"name\":\"sablon-webshop.officelink.io\",\"description\":\"\",\"publisher\":{\"@id\":\"https:\\\/\\\/sablon-webshop.officelink.io\\\/#organization\"},\"potentialAction\":[{\"@type\":\"SearchAction\",\"target\":{\"@type\":\"EntryPoint\",\"urlTemplate\":\"https:\\\/\\\/sablon-webshop.officelink.io\\\/?s={search_term_string}\"},\"query-input\":{\"@type\":\"PropertyValueSpecification\",\"valueRequired\":true,\"valueName\":\"search_term_string\"}}],\"inLanguage\":\"de\"},{\"@type\":\"Organization\",\"@id\":\"https:\\\/\\\/sablon-webshop.officelink.io\\\/#organization\",\"name\":\"sablon-webshop.officelink.io\",\"url\":\"https:\\\/\\\/sablon-webshop.officelink.io\\\/\",\"logo\":{\"@type\":\"ImageObject\",\"inLanguage\":\"de\",\"@id\":\"https:\\\/\\\/sablon-webshop.officelink.io\\\/#\\\/schema\\\/logo\\\/image\\\/\",\"url\":\"https:\\\/\\\/sablon-webshop.officelink.io\\\/wp-content\\\/uploads\\\/2026\\\/05\\\/cropped-cropped-partysator-logo-scaled-1.png\",\"contentUrl\":\"https:\\\/\\\/sablon-webshop.officelink.io\\\/wp-content\\\/uploads\\\/2026\\\/05\\\/cropped-cropped-partysator-logo-scaled-1.png\",\"width\":413,\"height\":239,\"caption\":\"sablon-webshop.officelink.io\"},\"image\":{\"@id\":\"https:\\\/\\\/sablon-webshop.officelink.io\\\/#\\\/schema\\\/logo\\\/image\\\/\"}}]}<\/script>\n<!-- \/ Yoast SEO Premium plugin. -->","yoast_head_json":{"title":"Impresszum - sablon-webshop.officelink.io","robots":{"index":"index","follow":"follow","max-snippet":"max-snippet:-1","max-image-preview":"max-image-preview:large","max-video-preview":"max-video-preview:-1"},"canonical":"https:\/\/sablon-webshop.officelink.io\/de\/impresszum\/","og_locale":"de_DE","og_type":"article","og_title":"Impresszum","og_description":"IMPRESSZUM A szolg\u00e1ltat\u00f3 (\u00fczemeltet\u0151) adatai: N\u00e9v:\u00a0{{CEG_NEV}} Sz\u00e9khely:\u00a0{{CEG_CIM}} Levelez\u00e9si c\u00edm:\u00a0{{CEG_CIM}} Ad\u00f3sz\u00e1m:\u00a0{{CEG_ADOSZAM}} C\u00e9gjegyz\u00e9ksz\u00e1m:\u00a0{{CEG_CEGJEGYZEK}} vagy EV nyilv\u00e1ntart\u00e1si sz\u00e1m: 00000000 Nyilv\u00e1ntart\u00e1sba vev\u0151 hat\u00f3s\u00e1g neve:\u00a0&#8230;&#8230;.. C\u00e9gb\u00edr\u00f3s\u00e1g vagy EV eset\u00e9n: Bel\u00fcgyminiszt\u00e9rium Banksz\u00e1mlasz\u00e1m: 00000000-00000000-00000000 K\u00e9pvisel\u0151 neve:\u00a0XY Honlap c\u00edme: {{DOMAIN}} E-mail c\u00edm: {{ADMIN_EMAIL}} Telefonsz\u00e1m: +36 00\u00a0000 0000 T\u00e1rhelyszolg\u00e1ltat\u00f3: N\u00e9v: DR\u00c1VANET Internet szolg\u00e1ltat\u00f3 Z\u00e1rtk\u00f6r\u0171en M\u0171k\u00f6d\u0151 R\u00e9szv\u00e9nyt\u00e1rsas\u00e1g Sz\u00e9khely: 7624 P\u00e9cs, Budai Nagy Antal utca 1. [&hellip;]","og_url":"https:\/\/sablon-webshop.officelink.io\/de\/impresszum\/","og_site_name":"sablon-webshop.officelink.io","article_modified_time":"2026-05-04T10:51:10+00:00","twitter_card":"summary_large_image","twitter_misc":{"Gesch\u00e4tzte Lesezeit":"1\u00a0Minute"},"schema":{"@context":"https:\/\/schema.org","@graph":[{"@type":"WebPage","@id":"https:\/\/sablon-webshop.officelink.io\/impresszum\/","url":"https:\/\/sablon-webshop.officelink.io\/impresszum\/","name":"Impresszum - sablon-webshop.officelink.io","isPartOf":{"@id":"https:\/\/sablon-webshop.officelink.io\/#website"},"datePublished":"2026-05-04T10:50:29+00:00","dateModified":"2026-05-04T10:51:10+00:00","breadcrumb":{"@id":"https:\/\/sablon-webshop.officelink.io\/impresszum\/#breadcrumb"},"inLanguage":"de","potentialAction":[{"@type":"ReadAction","target":["https:\/\/sablon-webshop.officelink.io\/impresszum\/"]}]},{"@type":"BreadcrumbList","@id":"https:\/\/sablon-webshop.officelink.io\/impresszum\/#breadcrumb","itemListElement":[{"@type":"ListItem","position":1,"name":"Kezd\u0151lap","item":"https:\/\/sablon-webshop.officelink.io\/"},{"@type":"ListItem","position":2,"name":"Impresszum"}]},{"@type":"WebSite","@id":"https:\/\/sablon-webshop.officelink.io\/#website","url":"https:\/\/sablon-webshop.officelink.io\/","name":"sablon-webshop.officelink.io","description":"","publisher":{"@id":"https:\/\/sablon-webshop.officelink.io\/#organization"},"potentialAction":[{"@type":"SearchAction","target":{"@type":"EntryPoint","urlTemplate":"https:\/\/sablon-webshop.officelink.io\/?s={search_term_string}"},"query-input":{"@type":"PropertyValueSpecification","valueRequired":true,"valueName":"search_term_string"}}],"inLanguage":"de"},{"@type":"Organization","@id":"https:\/\/sablon-webshop.officelink.io\/#organization","name":"sablon-webshop.officelink.io","url":"https:\/\/sablon-webshop.officelink.io\/","logo":{"@type":"ImageObject","inLanguage":"de","@id":"https:\/\/sablon-webshop.officelink.io\/#\/schema\/logo\/image\/","url":"https:\/\/sablon-webshop.officelink.io\/wp-content\/uploads\/2026\/05\/cropped-cropped-partysator-logo-scaled-1.png","contentUrl":"https:\/\/sablon-webshop.officelink.io\/wp-content\/uploads\/2026\/05\/cropped-cropped-partysator-logo-scaled-1.png","width":413,"height":239,"caption":"sablon-webshop.officelink.io"},"image":{"@id":"https:\/\/sablon-webshop.officelink.io\/#\/schema\/logo\/image\/"}}]}},"_links":{"self":[{"href":"https:\/\/sablon-webshop.officelink.io\/de\/wp-json\/wp\/v2\/pages\/738","targetHints":{"allow":["GET"]}}],"collection":[{"href":"https:\/\/sablon-webshop.officelink.io\/de\/wp-json\/wp\/v2\/pages"}],"about":[{"href":"https:\/\/sablon-webshop.officelink.io\/de\/wp-json\/wp\/v2\/types\/page"}],"author":[{"embeddable":true,"href":"https:\/\/sablon-webshop.officelink.io\/de\/wp-json\/wp\/v2\/users\/1"}],"replies":[{"embeddable":true,"href":"https:\/\/sablon-webshop.officelink.io\/de\/wp-json\/wp\/v2\/comments?post=738"}],"version-history":[{"count":4,"href":"https:\/\/sablon-webshop.officelink.io\/de\/wp-json\/wp\/v2\/pages\/738\/revisions"}],"predecessor-version":[{"id":744,"href":"https:\/\/sablon-webshop.officelink.io\/de\/wp-json\/wp\/v2\/pages\/738\/revisions\/744"}],"wp:attachment":[{"href":"https:\/\/sablon-webshop.officelink.io\/de\/wp-json\/wp\/v2\/media?parent=738"}],"curies":[{"name":"wp","href":"https:\/\/api.w.org\/{rel}","templated":true}]}}